{"id":370,"date":"2025-09-28T14:16:14","date_gmt":"2025-09-28T14:16:14","guid":{"rendered":"https:\/\/1707oui.fr\/?page_id=370"},"modified":"2025-10-31T11:25:11","modified_gmt":"2025-10-31T11:25:11","slug":"save-the-date","status":"publish","type":"page","link":"https:\/\/1707oui.fr\/","title":{"rendered":"Save the date"},"content":{"rendered":"<p>[et_pb_section fb_built=\u00a0\u00bb1&Prime; admin_label=\u00a0\u00bbHeader\u00a0\u00bb _builder_version=\u00a0\u00bb4.27.4&Prime; _module_preset=\u00a0\u00bbdefault\u00a0\u00bb background_color=\u00a0\u00bb#FFFFFF\u00a0\u00bb custom_padding=\u00a0\u00bb20px||0px|||\u00a0\u00bb collapsed=\u00a0\u00bbon\u00a0\u00bb global_colors_info=\u00a0\u00bb{}\u00a0\u00bb][et_pb_row _builder_version=\u00a0\u00bb4.27.4&Prime; _module_preset=\u00a0\u00bbdefault\u00a0\u00bb min_height=\u00a0\u00bb225.7px\u00a0\u00bb global_colors_info=\u00a0\u00bb{}\u00a0\u00bb][et_pb_column type=\u00a0\u00bb4_4&Prime; _builder_version=\u00a0\u00bb4.27.4&Prime; _module_preset=\u00a0\u00bbdefault\u00a0\u00bb global_colors_info=\u00a0\u00bb{}\u00a0\u00bb][et_pb_heading title=\u00a0\u00bbJoyeuse nouvelle\u00a0\u00bb _builder_version=\u00a0\u00bb4.27.4&Prime; _module_preset=\u00a0\u00bbf0bf34d2-a503-445f-9722-4e541a77ef7c\u00a0\u00bb title_font=\u00a0\u00bbEncode Sans Condensed|800||on|||||\u00a0\u00bb title_text_color=\u00a0\u00bb#C46E58&Prime; title_font_size=\u00a0\u00bb14px\u00a0\u00bb max_width=\u00a0\u00bb700px\u00a0\u00bb custom_padding=\u00a0\u00bb20px||||false|false\u00a0\u00bb locked=\u00a0\u00bboff\u00a0\u00bb global_colors_info=\u00a0\u00bb{}\u00a0\u00bb][\/et_pb_heading][et_pb_heading title=\u00a0\u00bbSave the date\u00a0\u00bb _builder_version=\u00a0\u00bb4.27.4&Prime; _module_preset=\u00a0\u00bbf0bf34d2-a503-445f-9722-4e541a77ef7c\u00a0\u00bb title_font=\u00a0\u00bb&#8211;et_global_heading_font||||||||\u00a0\u00bb title_text_color=\u00a0\u00bb#13322C\u00a0\u00bb max_width=\u00a0\u00bb700px\u00a0\u00bb custom_padding=\u00a0\u00bb20px||||false|false\u00a0\u00bb locked=\u00a0\u00bboff\u00a0\u00bb global_colors_info=\u00a0\u00bb{}\u00a0\u00bb][\/et_pb_heading][\/et_pb_column][\/et_pb_row][\/et_pb_section][et_pb_section fb_built=\u00a0\u00bb1&Prime; inner_shadow=\u00a0\u00bbon\u00a0\u00bb make_equal=\u00a0\u00bbon\u00a0\u00bb use_custom_gutter=\u00a0\u00bbon\u00a0\u00bb gutter_width=\u00a0\u00bb2&Prime; specialty=\u00a0\u00bbon\u00a0\u00bb _builder_version=\u00a0\u00bb4.27.4&Prime; _module_preset=\u00a0\u00bbdefault\u00a0\u00bb inner_width=\u00a0\u00bb100%\u00a0\u00bb min_height=\u00a0\u00bb823.3px\u00a0\u00bb custom_padding=\u00a0\u00bb0px||20px||false|false\u00a0\u00bb global_colors_info=\u00a0\u00bb{}\u00a0\u00bb][et_pb_column type=\u00a0\u00bb1_2&Prime; _builder_version=\u00a0\u00bb4.16&Prime; custom_padding=\u00a0\u00bb|||\u00a0\u00bb global_colors_info=\u00a0\u00bb{}\u00a0\u00bb custom_padding__hover=\u00a0\u00bb|||\u00a0\u00bb][et_pb_divider show_divider=\u00a0\u00bboff\u00a0\u00bb _builder_version=\u00a0\u00bb4.27.4&Prime; _module_preset=\u00a0\u00bbdefault\u00a0\u00bb global_colors_info=\u00a0\u00bb{}\u00a0\u00bb][\/et_pb_divider][et_pb_divider show_divider=\u00a0\u00bboff\u00a0\u00bb _builder_version=\u00a0\u00bb4.27.4&Prime; _module_preset=\u00a0\u00bbdefault\u00a0\u00bb global_colors_info=\u00a0\u00bb{}\u00a0\u00bb][\/et_pb_divider][et_pb_divider show_divider=\u00a0\u00bboff\u00a0\u00bb _builder_version=\u00a0\u00bb4.27.4&Prime; _module_preset=\u00a0\u00bbdefault\u00a0\u00bb global_colors_info=\u00a0\u00bb{}\u00a0\u00bb][\/et_pb_divider][et_pb_image src=\u00a0\u00bbhttps:\/\/1707oui.fr\/wp-content\/uploads\/2025\/09\/seancephotofamillemaritchuclementetMilia-42.jpg\u00a0\u00bb title_text=\u00a0\u00bbseancephotofamillemaritchu,cl\u00e9mentetMilia-42&Prime; show_bottom_space=\u00a0\u00bboff\u00a0\u00bb _builder_version=\u00a0\u00bb4.27.4&Prime; _module_preset=\u00a0\u00bbdefault\u00a0\u00bb module_alignment=\u00a0\u00bbcenter\u00a0\u00bb hover_enabled=\u00a0\u00bb0&Prime; border_radii=\u00a0\u00bbon|500px|500px|500px|500px\u00a0\u00bb global_colors_info=\u00a0\u00bb{}\u00a0\u00bb custom_padding=\u00a0\u00bb|10px||10px|false|false\u00a0\u00bb sticky_enabled=\u00a0\u00bb0&Prime;][\/et_pb_image][et_pb_text _builder_version=\u00a0\u00bb4.27.4&Prime; _module_preset=\u00a0\u00bbdefault\u00a0\u00bb text_font_size=\u00a0\u00bb8px\u00a0\u00bb text_orientation=\u00a0\u00bbcenter\u00a0\u00bb global_colors_info=\u00a0\u00bb{}\u00a0\u00bb]<\/p>\n<p>\u00a9Ana\u00efs L Photographie<\/p>\n<p>[\/et_pb_text][\/et_pb_column][et_pb_column type=\u00a0\u00bb1_2&Prime; specialty_columns=\u00a0\u00bb2&Prime; _builder_version=\u00a0\u00bb4.16&Prime; custom_padding=\u00a0\u00bb|||\u00a0\u00bb global_colors_info=\u00a0\u00bb{}\u00a0\u00bb custom_padding__hover=\u00a0\u00bb|||\u00a0\u00bb][et_pb_row_inner _builder_version=\u00a0\u00bb4.27.4&Prime; _module_preset=\u00a0\u00bbdefault\u00a0\u00bb hover_enabled=\u00a0\u00bb0&Prime; global_colors_info=\u00a0\u00bb{}\u00a0\u00bb width=\u00a0\u00bb97.7%\u00a0\u00bb custom_padding=\u00a0\u00bb||||false|false\u00a0\u00bb sticky_enabled=\u00a0\u00bb0&Prime;][et_pb_column_inner saved_specialty_column_type=\u00a0\u00bb1_2&Prime; _builder_version=\u00a0\u00bb4.27.4&Prime; _module_preset=\u00a0\u00bbdefault\u00a0\u00bb hover_enabled=\u00a0\u00bb0&Prime; global_colors_info=\u00a0\u00bb{}\u00a0\u00bb sticky_enabled=\u00a0\u00bb0&Prime;][et_pb_text _builder_version=\u00a0\u00bb4.27.4&Prime; _module_preset=\u00a0\u00bbdefault\u00a0\u00bb text_font_size=\u00a0\u00bb16px\u00a0\u00bb text_line_height=\u00a0\u00bb1.5em\u00a0\u00bb hover_enabled=\u00a0\u00bb0&Prime; global_colors_info=\u00a0\u00bb{}\u00a0\u00bb width=\u00a0\u00bb90%\u00a0\u00bb custom_padding=\u00a0\u00bb|5px||10px|false|false\u00a0\u00bb sticky_enabled=\u00a0\u00bb0&Prime; module_alignment=\u00a0\u00bbcenter\u00a0\u00bb]<\/p>\n<p style=\"text-align: justify;\"><span><strong>C\u2019est officiel\u2026 Maritchu a dit OUI !<\/strong> \ud83d\udc8d\ud83c\udf89<\/span><\/p>\n<p style=\"text-align: justify;\">Apr\u00e8s plus d\u2019un an \u00e0 cacher discr\u00e8tement la bague dans tous les recoins de la maison (vive les cartons et le m\u00e9nage surprise), Cl\u00e9ment s\u2019est enfin lanc\u00e9\u2026 et cette fois, c\u2019\u00e9tait la bonne !<\/p>\n<p style=\"text-align: justify;\">Il faut dire qu\u2019il n\u2019a pas manqu\u00e9 de pers\u00e9v\u00e9rance : entre le feu rouge de Gujan-Mestras, la plage de Saint-Jean-de-Luz, et quelques discussions anim\u00e9es auxquelles certains d\u2019entre vous ont peut-\u00eatre assist\u00e9&#8230; on ne peut qu\u2019admirer sa d\u00e9termination \ud83d\ude04<\/p>\n<p style=\"text-align: justify;\">Mais aujourd\u2019hui, on y est : Maritchu a dit oui, et on est aux anges de pouvoir partager cette belle nouvelle avec vous \u2764\ufe0f<\/p>\n<p style=\"text-align: justify;\"><span>On vous donne rendez-vous <strong>le week-end du 17\/18 juillet 2027 !<\/strong><\/span><\/p>\n<p style=\"text-align: justify;\">C\u2019est la date que nous avons choisie pour c\u00e9l\u00e9brer notre mariage ! Elle n\u2019est pas anodine : c\u2019est aussi l\u2019anniversaire de Milia.<\/p>\n<p style=\"text-align: justify;\"><span>Le lieu est choisi,<\/span><span> mais\u2026 on garde encore un peu le secret<\/span><span>.<\/span><br data-start=\"1022\" data-end=\"1025\" \/><span>Un petit indice quand m\u00eame : cap sur le <strong>Pays-Basque<\/strong>, <\/span><span>non loin de la fronti\u00e8re espagnole et du village d&rsquo;Espelette <\/span><span>\ud83c\udf36\ufe0f<\/span><\/p>\n<p style=\"text-align: justify;\">Pas d\u2019inqui\u00e9tude pour ceux qui viennent de loin : nous vous proposerons des solutions d\u2019h\u00e9bergement ici-m\u00eame, pour que vous puissiez profiter pleinement de la f\u00eate.<\/p>\n<p style=\"text-align: justify;\"><span>D\u2019ici l\u00e0\u2026 Bloquez bien la date dans vos agendas !<\/span><\/p>\n<p style=\"text-align: justify;\">On a h\u00e2te de vivre cette journ\u00e9e inoubliable entour\u00e9s de ceux qu\u2019on aime.<\/p>\n<p style=\"text-align: justify;\"><strong>Et pour que la f\u00eate soit totale&#8230;\u00a0<\/strong><\/p>\n<p style=\"text-align: justify;\">On aime vos enfants, vraiment ! Mais cette fois, on r\u00eave d&rsquo;un week-end entre amis : rires, danse, champagne (et un peu de punch&#8230;).<br \/>Pas de pause biberon, de couches \u00e0 changer, de Nintendo Switch \u00e0 distribuer, ni de dessins anim\u00e9s \u00e0 lancer. (Adieu Pat&rsquo;Patrouille, Raiponce, Cendrillon et Peter Pan le temps d&rsquo;un week-end !)<br \/>Aucune nounou pr\u00e9vue pour ces deux jours de f\u00eate : juste vous, nous et une piste de danse pr\u00eate \u00e0 chauffer !<\/p>\n<p style=\"text-align: justify;\">Milia &amp; A\u00f1a seront bien de la partie, mais elles ont promis de laisser la piste de danse aux grands&#8230; sauf si Dalida retentit, \u00e9videmment <span>\ud83d\ude09<\/span><\/p>\n<p style=\"text-align: justify;\">Ps : Si vous ne pouvez vraiment pas faire garder vos petits monstres, on trouvera toujours une solution &#8211; Promis, on ne les laissera pas sur le bord de la route !<\/p>\n<p>[\/et_pb_text][\/et_pb_column_inner][\/et_pb_row_inner][\/et_pb_column][\/et_pb_section]<\/p>\n","protected":false},"excerpt":{"rendered":"<p>\u00a9Ana\u00efs L PhotographieC\u2019est officiel\u2026 Maritchu a dit OUI ! \ud83d\udc8d\ud83c\udf89 Apr\u00e8s plus d\u2019un an \u00e0 cacher discr\u00e8tement la bague dans tous les recoins de la maison (vive les cartons et le m\u00e9nage surprise), Cl\u00e9ment s\u2019est enfin lanc\u00e9\u2026 et cette fois, c\u2019\u00e9tait la bonne ! Il faut dire qu\u2019il n\u2019a pas manqu\u00e9 de pers\u00e9v\u00e9rance : entre [&hellip;]<\/p>\n","protected":false},"author":1,"featured_media":0,"parent":0,"menu_order":0,"comment_status":"closed","ping_status":"closed","template":"","meta":{"_et_pb_use_builder":"on","_et_pb_old_content":"","_et_gb_content_width":"","footnotes":""},"class_list":["post-370","page","type-page","status-publish","hentry"],"_links":{"self":[{"href":"https:\/\/1707oui.fr\/index.php?rest_route=\/wp\/v2\/pages\/370","targetHints":{"allow":["GET"]}}],"collection":[{"href":"https:\/\/1707oui.fr\/index.php?rest_route=\/wp\/v2\/pages"}],"about":[{"href":"https:\/\/1707oui.fr\/index.php?rest_route=\/wp\/v2\/types\/page"}],"author":[{"embeddable":true,"href":"https:\/\/1707oui.fr\/index.php?rest_route=\/wp\/v2\/users\/1"}],"replies":[{"embeddable":true,"href":"https:\/\/1707oui.fr\/index.php?rest_route=%2Fwp%2Fv2%2Fcomments&post=370"}],"version-history":[{"count":18,"href":"https:\/\/1707oui.fr\/index.php?rest_route=\/wp\/v2\/pages\/370\/revisions"}],"predecessor-version":[{"id":467,"href":"https:\/\/1707oui.fr\/index.php?rest_route=\/wp\/v2\/pages\/370\/revisions\/467"}],"wp:attachment":[{"href":"https:\/\/1707oui.fr\/index.php?rest_route=%2Fwp%2Fv2%2Fmedia&parent=370"}],"curies":[{"name":"wp","href":"https:\/\/api.w.org\/{rel}","templated":true}]}}