{"id":35,"date":"2025-09-24T20:45:03","date_gmt":"2025-09-24T20:45:03","guid":{"rendered":"https:\/\/1707oui.fr\/?page_id=35"},"modified":"2025-10-31T11:20:21","modified_gmt":"2025-10-31T11:20:21","slug":"oui","status":"publish","type":"page","link":"https:\/\/1707oui.fr\/?page_id=35","title":{"rendered":"Oui &#8211; Accueil"},"content":{"rendered":"<p>[et_pb_section fb_built=\u00a0\u00bb1&Prime; custom_padding_last_edited=\u00a0\u00bbon|desktop\u00a0\u00bb admin_label=\u00a0\u00bbHeader\u00a0\u00bb _builder_version=\u00a0\u00bb4.27.4&Prime; background_enable_color=\u00a0\u00bboff\u00a0\u00bb background_image=\u00a0\u00bbhttps:\/\/1707oui.fr\/wp-content\/uploads\/2025\/09\/seancephotofamillemaritchuclementetMilia-40.jpg\u00a0\u00bb custom_padding=\u00a0\u00bb10vh|0|108vh||false|false\u00a0\u00bb custom_padding_tablet=\u00a0\u00bb10vh||10vh||false\u00a0\u00bb custom_padding_phone=\u00a0\u00bb5vh||5vh||false\u00a0\u00bb top_divider_style=\u00a0\u00bbwave2&Prime; top_divider_color=\u00a0\u00bbrgba(12,113,195,0)\u00a0\u00bb top_divider_height=\u00a0\u00bb460px\u00a0\u00bb top_divider_flip=\u00a0\u00bbhorizontal\u00a0\u00bb bottom_divider_style=\u00a0\u00bbcurve\u00a0\u00bb bottom_divider_color=\u00a0\u00bb#ffffff\u00a0\u00bb bottom_divider_height=\u00a0\u00bb9vw\u00a0\u00bb bottom_divider_flip=\u00a0\u00bbvertical\u00a0\u00bb global_colors_info=\u00a0\u00bb{}\u00a0\u00bb][et_pb_row _builder_version=\u00a0\u00bb4.27.4&Prime; _module_preset=\u00a0\u00bbdefault\u00a0\u00bb global_colors_info=\u00a0\u00bb{}\u00a0\u00bb][et_pb_column type=\u00a0\u00bb4_4&Prime; _builder_version=\u00a0\u00bb4.27.4&Prime; _module_preset=\u00a0\u00bbdefault\u00a0\u00bb global_colors_info=\u00a0\u00bb{}\u00a0\u00bb][et_pb_text _builder_version=\u00a0\u00bb4.27.4&Prime; _module_preset=\u00a0\u00bbdefault\u00a0\u00bb text_font=\u00a0\u00bbMeow Script|700|||||||\u00a0\u00bb text_text_color=\u00a0\u00bb#13322C\u00a0\u00bb text_font_size=\u00a0\u00bb66px\u00a0\u00bb text_line_height=\u00a0\u00bb1.8em\u00a0\u00bb header_text_align=\u00a0\u00bbleft\u00a0\u00bb module_alignment=\u00a0\u00bbcenter\u00a0\u00bb custom_margin=\u00a0\u00bb||-15px|||\u00a0\u00bb global_colors_info=\u00a0\u00bb{}\u00a0\u00bb]<\/p>\n<p>Maritchu &amp; Cl\u00e9ment<\/p>\n<p>[\/et_pb_text][et_pb_text _builder_version=\u00a0\u00bb4.27.4&Prime; _module_preset=\u00a0\u00bbdefault\u00a0\u00bb text_font=\u00a0\u00bbdiphylleia||||||||\u00a0\u00bb text_text_color=\u00a0\u00bb#13322C\u00a0\u00bb text_font_size=\u00a0\u00bb28px\u00a0\u00bb header_font=\u00a0\u00bbdiphylleia||||||||\u00a0\u00bb global_colors_info=\u00a0\u00bb{}\u00a0\u00bb]<\/p>\n<p>17 juillet 2027<\/p>\n<p>[\/et_pb_text][\/et_pb_column][\/et_pb_row][\/et_pb_section][et_pb_section fb_built=\u00a0\u00bb1&Prime; _builder_version=\u00a0\u00bb4.27.4&Prime; _module_preset=\u00a0\u00bbdefault\u00a0\u00bb custom_margin=\u00a0\u00bb-1px|||||\u00a0\u00bb custom_padding=\u00a0\u00bb0px|||||\u00a0\u00bb global_colors_info=\u00a0\u00bb{}\u00a0\u00bb][et_pb_row _builder_version=\u00a0\u00bb4.27.4&Prime; _module_preset=\u00a0\u00bbdefault\u00a0\u00bb custom_padding=\u00a0\u00bb0px|||||\u00a0\u00bb global_colors_info=\u00a0\u00bb{}\u00a0\u00bb][et_pb_column type=\u00a0\u00bb4_4&Prime; _builder_version=\u00a0\u00bb4.27.4&Prime; _module_preset=\u00a0\u00bbdefault\u00a0\u00bb global_colors_info=\u00a0\u00bb{}\u00a0\u00bb][et_pb_countdown_timer date_time=\u00a0\u00bb2027-07-17 09:09&Prime; _builder_version=\u00a0\u00bb4.27.4&Prime; _module_preset=\u00a0\u00bb4e04a194-1bc1-4483-b82b-f3825bed06b3&Prime; header_font=\u00a0\u00bb|||on|||||\u00a0\u00bb header_text_color=\u00a0\u00bb#FFFFFF\u00a0\u00bb numbers_font=\u00a0\u00bbCormorant Garamond|600|||||||\u00a0\u00bb numbers_text_color=\u00a0\u00bb#13322C\u00a0\u00bb numbers_font_size=\u00a0\u00bb36px\u00a0\u00bb separator_text_color=\u00a0\u00bb#6D745C\u00a0\u00bb label_font=\u00a0\u00bbRaleway|500|||||||\u00a0\u00bb label_font_size=\u00a0\u00bb12px\u00a0\u00bb background_enable_color=\u00a0\u00bboff\u00a0\u00bb use_background_color_gradient=\u00a0\u00bbon\u00a0\u00bb background_color_gradient_type=\u00a0\u00bbcircular\u00a0\u00bb background_color_gradient_direction_radial=\u00a0\u00bbleft\u00a0\u00bb background_color_gradient_stops=\u00a0\u00bb#ffffff 31%|rgba(255,255,255,0) 85%\u00a0\u00bb transform_scale=\u00a0\u00bb116%|116%\u00a0\u00bb background_layout=\u00a0\u00bblight\u00a0\u00bb min_height=\u00a0\u00bb114px\u00a0\u00bb custom_margin=\u00a0\u00bb38px||38px||true|false\u00a0\u00bb custom_padding=\u00a0\u00bb0px||2px|||\u00a0\u00bb animation_style=\u00a0\u00bbfade\u00a0\u00bb numbers_font_size_tablet=\u00a0\u00bb26px\u00a0\u00bb numbers_font_size_phone=\u00a0\u00bb20px\u00a0\u00bb numbers_font_size_last_edited=\u00a0\u00bbon|tablet\u00a0\u00bb locked=\u00a0\u00bboff\u00a0\u00bb global_colors_info=\u00a0\u00bb{}\u00a0\u00bb][\/et_pb_countdown_timer][et_pb_text _builder_version=\u00a0\u00bb4.27.4&Prime; _module_preset=\u00a0\u00bbdefault\u00a0\u00bb text_font=\u00a0\u00bbMeow Script||||||||\u00a0\u00bb text_text_color=\u00a0\u00bb#C46E58&Prime; text_font_size=\u00a0\u00bb63px\u00a0\u00bb text_orientation=\u00a0\u00bbcenter\u00a0\u00bb global_colors_info=\u00a0\u00bb{}\u00a0\u00bb]<\/p>\n<p>Bienvenue<\/p>\n<p>[\/et_pb_text][\/et_pb_column][\/et_pb_row][et_pb_row _builder_version=\u00a0\u00bb4.27.4&Prime; _module_preset=\u00a0\u00bbdefault\u00a0\u00bb global_colors_info=\u00a0\u00bb{}\u00a0\u00bb][et_pb_column type=\u00a0\u00bb4_4&Prime; _builder_version=\u00a0\u00bb4.27.4&Prime; _module_preset=\u00a0\u00bbdefault\u00a0\u00bb global_colors_info=\u00a0\u00bb{}\u00a0\u00bb][et_pb_text _builder_version=\u00a0\u00bb4.27.4&Prime; _module_preset=\u00a0\u00bbdefault\u00a0\u00bb text_font=\u00a0\u00bbdiphylleia||||||||\u00a0\u00bb text_text_color=\u00a0\u00bb#13322C\u00a0\u00bb text_font_size=\u00a0\u00bb19px\u00a0\u00bb text_orientation=\u00a0\u00bbcenter\u00a0\u00bb global_colors_info=\u00a0\u00bb{}\u00a0\u00bb]<\/p>\n<p>Le <b>17 juillet 2027<\/b>, nous c\u00e9l\u00e9brerons notre mariage !<\/p>\n<p>Ce site sera notre petit carnet magique : vous y trouverez toutes les informations pratiques : lieux, horaires, repas, dress code&#8230; et c&rsquo;est aussi ici que vous pourrez confirmer votre pr\u00e9sence.<\/p>\n<p>Gardez bien l&rsquo;adresse du site pr\u00e9cieusement, il sera votre guide jusqu&rsquo;au jour J !<\/p>\n<p><strong>Cl\u00e9ment &amp; Maritchu<\/strong><\/p>\n<p>[\/et_pb_text][\/et_pb_column][\/et_pb_row][\/et_pb_section]<\/p>\n","protected":false},"excerpt":{"rendered":"<p>Maritchu &amp; Cl\u00e9ment17 juillet 2027BienvenueLe 17 juillet 2027, nous c\u00e9l\u00e9brerons notre mariage ! Ce site sera notre petit carnet magique : vous y trouverez toutes les informations pratiques : lieux, horaires, repas, dress code&#8230; et c&rsquo;est aussi ici que vous pourrez confirmer votre pr\u00e9sence. Gardez bien l&rsquo;adresse du site pr\u00e9cieusement, il sera votre guide jusqu&rsquo;au [&hellip;]<\/p>\n","protected":false},"author":1,"featured_media":0,"parent":0,"menu_order":0,"comment_status":"closed","ping_status":"closed","template":"","meta":{"_et_pb_use_builder":"on","_et_pb_old_content":"","_et_gb_content_width":"","footnotes":""},"class_list":["post-35","page","type-page","status-publish","hentry"],"_links":{"self":[{"href":"https:\/\/1707oui.fr\/index.php?rest_route=\/wp\/v2\/pages\/35","targetHints":{"allow":["GET"]}}],"collection":[{"href":"https:\/\/1707oui.fr\/index.php?rest_route=\/wp\/v2\/pages"}],"about":[{"href":"https:\/\/1707oui.fr\/index.php?rest_route=\/wp\/v2\/types\/page"}],"author":[{"embeddable":true,"href":"https:\/\/1707oui.fr\/index.php?rest_route=\/wp\/v2\/users\/1"}],"replies":[{"embeddable":true,"href":"https:\/\/1707oui.fr\/index.php?rest_route=%2Fwp%2Fv2%2Fcomments&post=35"}],"version-history":[{"count":14,"href":"https:\/\/1707oui.fr\/index.php?rest_route=\/wp\/v2\/pages\/35\/revisions"}],"predecessor-version":[{"id":448,"href":"https:\/\/1707oui.fr\/index.php?rest_route=\/wp\/v2\/pages\/35\/revisions\/448"}],"wp:attachment":[{"href":"https:\/\/1707oui.fr\/index.php?rest_route=%2Fwp%2Fv2%2Fmedia&parent=35"}],"curies":[{"name":"wp","href":"https:\/\/api.w.org\/{rel}","templated":true}]}}